{"id":20,"date":"2023-06-03T14:31:15","date_gmt":"2023-06-03T12:31:15","guid":{"rendered":"https:\/\/philolaos.org\/?page_id=20"},"modified":"2023-10-12T12:10:25","modified_gmt":"2023-10-12T10:10:25","slug":"science-ou-croyance","status":"publish","type":"page","link":"https:\/\/philolaos.org\/?page_id=20","title":{"rendered":"Science ou croyance?"},"content":{"rendered":"\n<p>C&rsquo;est ici que l&rsquo;on explique l&rsquo;Histoire des croyances et son impact sur les sciences&#8230; \u00e0 moins que ce ne soit l&rsquo;inverse! C&rsquo;est une analyse de l&rsquo;\u00e9volution de la situation jusqu&rsquo;\u00e0 pr\u00e9sent. Date de mise en ligne estim\u00e9e \u00e0 d\u00e9cembre 2023<\/p>\n","protected":false},"excerpt":{"rendered":"<p>C&rsquo;est ici que l&rsquo;on explique l&rsquo;Histoire des croyances et son impact sur les sciences&#8230; \u00e0 moins que ce ne soit l&rsquo;inverse! C&rsquo;est une analyse de l&rsquo;\u00e9volution de la situation jusqu&rsquo;\u00e0 pr\u00e9sent. Date de mise en ligne estim\u00e9e \u00e0 d\u00e9cembre 2023<\/p>\n","protected":false},"author":1,"featured_media":0,"parent":0,"menu_order":0,"comment_status":"closed","ping_status":"closed","template":"","meta":{"footnotes":""},"class_list":["post-20","page","type-page","status-publish","hentry"],"_links":{"self":[{"href":"https:\/\/philolaos.org\/index.php?rest_route=\/wp\/v2\/pages\/20","targetHints":{"allow":["GET"]}}],"collection":[{"href":"https:\/\/philolaos.org\/index.php?rest_route=\/wp\/v2\/pages"}],"about":[{"href":"https:\/\/philolaos.org\/index.php?rest_route=\/wp\/v2\/types\/page"}],"author":[{"embeddable":true,"href":"https:\/\/philolaos.org\/index.php?rest_route=\/wp\/v2\/users\/1"}],"replies":[{"embeddable":true,"href":"https:\/\/philolaos.org\/index.php?rest_route=%2Fwp%2Fv2%2Fcomments&post=20"}],"version-history":[{"count":6,"href":"https:\/\/philolaos.org\/index.php?rest_route=\/wp\/v2\/pages\/20\/revisions"}],"predecessor-version":[{"id":208,"href":"https:\/\/philolaos.org\/index.php?rest_route=\/wp\/v2\/pages\/20\/revisions\/208"}],"wp:attachment":[{"href":"https:\/\/philolaos.org\/index.php?rest_route=%2Fwp%2Fv2%2Fmedia&parent=20"}],"curies":[{"name":"wp","href":"https:\/\/api.w.org\/{rel}","templated":true}]}}