{"id":18,"date":"2023-06-03T14:28:46","date_gmt":"2023-06-03T12:28:46","guid":{"rendered":"https:\/\/philolaos.org\/?page_id=18"},"modified":"2023-06-03T14:36:53","modified_gmt":"2023-06-03T12:36:53","slug":"quelle-methode","status":"publish","type":"page","link":"https:\/\/philolaos.org\/?page_id=18","title":{"rendered":"Quelle m\u00e9thode?"},"content":{"rendered":"\n<p>C&rsquo;est ici que l&rsquo;on explique la nouvelle m\u00e9thode, date de mise en ligne estim\u00e9e \u00e0 mai 2024<\/p>\n","protected":false},"excerpt":{"rendered":"<p>C&rsquo;est ici que l&rsquo;on explique la nouvelle m\u00e9thode, date de mise en ligne estim\u00e9e \u00e0 mai 2024<\/p>\n","protected":false},"author":1,"featured_media":0,"parent":0,"menu_order":0,"comment_status":"closed","ping_status":"closed","template":"","meta":{"footnotes":""},"class_list":["post-18","page","type-page","status-publish","hentry"],"_links":{"self":[{"href":"https:\/\/philolaos.org\/index.php?rest_route=\/wp\/v2\/pages\/18","targetHints":{"allow":["GET"]}}],"collection":[{"href":"https:\/\/philolaos.org\/index.php?rest_route=\/wp\/v2\/pages"}],"about":[{"href":"https:\/\/philolaos.org\/index.php?rest_route=\/wp\/v2\/types\/page"}],"author":[{"embeddable":true,"href":"https:\/\/philolaos.org\/index.php?rest_route=\/wp\/v2\/users\/1"}],"replies":[{"embeddable":true,"href":"https:\/\/philolaos.org\/index.php?rest_route=%2Fwp%2Fv2%2Fcomments&post=18"}],"version-history":[{"count":2,"href":"https:\/\/philolaos.org\/index.php?rest_route=\/wp\/v2\/pages\/18\/revisions"}],"predecessor-version":[{"id":25,"href":"https:\/\/philolaos.org\/index.php?rest_route=\/wp\/v2\/pages\/18\/revisions\/25"}],"wp:attachment":[{"href":"https:\/\/philolaos.org\/index.php?rest_route=%2Fwp%2Fv2%2Fmedia&parent=18"}],"curies":[{"name":"wp","href":"https:\/\/api.w.org\/{rel}","templated":true}]}}